{"id":1542,"date":"2020-11-01T17:31:15","date_gmt":"2020-11-01T15:31:15","guid":{"rendered":"https:\/\/cottyn.eu\/sitemap\/"},"modified":"2021-12-13T08:41:44","modified_gmt":"2021-12-13T06:41:44","slug":"sitemap","status":"publish","type":"page","link":"https:\/\/cottyn.eu\/en\/sitemap\/","title":{"rendered":"Sitemap"},"content":{"rendered":"<div class=\"wsp-container\"><h2 class=\"wsp-pages-title\">Pages<\/h2>\n<ul class=\"wsp-pages-list\">\n<li class=\"page_item page-item-1519\"><a href=\"https:\/\/cottyn.eu\/en\/about-us\/\">About us<\/a><\/li>\n<li class=\"page_item page-item-1528\"><a href=\"https:\/\/cottyn.eu\/en\/binnenpagina\/\">Binnenpagina<\/a><\/li>\n<li class=\"page_item page-item-1556\"><a href=\"https:\/\/cottyn.eu\/en\/cookie-policy\/\">Cookie Policy<\/a><\/li>\n<li class=\"page_item page-item-1259\"><a href=\"https:\/\/cottyn.eu\/en\/dank-je\/\">Dank je!<\/a><\/li>\n<li class=\"page_item page-item-1584\"><a href=\"https:\/\/cottyn.eu\/en\/\">Home<\/a><\/li>\n<li class=\"page_item page-item-1282 current_page_parent\"><a href=\"https:\/\/cottyn.eu\/en\/nieuws\/\">News<\/a><\/li>\n<li class=\"page_item page-item-1593\"><a href=\"https:\/\/cottyn.eu\/en\/privacy-policy\/\">Privacy Policy<\/a><\/li>\n<li class=\"page_item page-item-1542\"><a href=\"https:\/\/cottyn.eu\/en\/sitemap\/\">Sitemap<\/a><\/li>\n<\/ul>\n<h2 class=\"wsp-posts-title\">Posts by category<\/h2>\n<ul class=\"wsp-posts-list\">\n\t<li><strong class=\"wsp-category-title\">Category: <a href=\"https:\/\/cottyn.eu\/en\/category\/uncategorized\/\">Uncategorized<\/a><\/strong>\n<\/li>\n\t<li><strong class=\"wsp-category-title\">Category: <a href=\"https:\/\/cottyn.eu\/en\/category\/tax-law\/\">Tax law<\/a><\/strong>\n<\/li>\n\t<li><strong class=\"wsp-category-title\">Category: <a href=\"https:\/\/cottyn.eu\/en\/category\/civil-law\/\">Civil law<\/a><\/strong>\n<\/li>\n\t<li><strong class=\"wsp-category-title\">Category: <a href=\"https:\/\/cottyn.eu\/en\/category\/public-administrative-law\/\">Public and administrative law<\/a><\/strong>\n<ul class=\"wsp-posts-list\">\t\t<li class=\"wsp-post\"><a href=\"https:\/\/cottyn.eu\/en\/de-automatische-vrijgave-van-de-borgtocht-bij-overheidsopdrachten\/\">VOKA Ondernemers &#8211; De automatische vrijgave van de borgtocht bij overheidsopdrachten<\/a><\/li>\n\t\t<li class=\"wsp-post\"><a href=\"https:\/\/cottyn.eu\/en\/wanneer-het-regent-in-parijs-blijft-het-droog-in-madrid\/\">Wanneer het regent in Parijs, blijft het droog in Madrid<\/a><\/li>\n<\/ul><\/li>\n\t<li><strong class=\"wsp-category-title\">Category: <a href=\"https:\/\/cottyn.eu\/en\/category\/family-law-family-property-law\/\">Family law and family property law<\/a><\/strong>\n<\/li>\n\t<li><strong class=\"wsp-category-title\">Category: <a href=\"https:\/\/cottyn.eu\/en\/category\/real-estate-law\/\">Real estate law<\/a><\/strong>\n<\/li>\n\t<li><strong class=\"wsp-category-title\">Category: <a href=\"https:\/\/cottyn.eu\/en\/category\/construction-law\/\">Construction law<\/a><\/strong>\n<\/li>\n\t<li><strong class=\"wsp-category-title\">Category: <a href=\"https:\/\/cottyn.eu\/en\/category\/labour-law-social-security\/\">Labour law and social security<\/a><\/strong>\n<\/li>\n\t<li><strong class=\"wsp-category-title\">Category: <a href=\"https:\/\/cottyn.eu\/en\/category\/criminal-law-criminal-proceedings\/\">Criminal law and criminal proceedings<\/a><\/strong>\n<ul class=\"wsp-posts-list\">\t\t<li class=\"wsp-post\"><a href=\"https:\/\/cottyn.eu\/en\/dossier-chovanec-werkbezoek-slovakije\/\">Case Chovanec &#8211; working visit Slovakia<\/a><\/li>\n\t\t<li class=\"wsp-post\"><a href=\"https:\/\/cottyn.eu\/en\/start-reconstructie-dood-jozef-chovanec\/\">Reconstruction death Jozef Chovanec<\/a><\/li>\n<\/ul><\/li>\n\t<li><strong class=\"wsp-category-title\">Category: <a href=\"https:\/\/cottyn.eu\/en\/category\/economic-law\/\">Economic law<\/a><\/strong>\n<ul class=\"wsp-posts-list\">\t\t<li class=\"wsp-post\"><a href=\"https:\/\/cottyn.eu\/en\/striktere-betalingstermijnen-zorgen-binnenkort-voor-snellere-betaling-bij-handelstransacties\/\">Striktere betalingstermijnen zorgen binnenkort voor snellere betaling bij handelstransacties<\/a><\/li>\n<\/ul><\/li>\n\t<li><strong class=\"wsp-category-title\">Category: <a href=\"https:\/\/cottyn.eu\/en\/category\/cottyn_network\/\">COTTYN Network<\/a><\/strong>\n<ul class=\"wsp-posts-list\">\t\t<li class=\"wsp-post\"><a href=\"https:\/\/cottyn.eu\/en\/nieuwe-lichting-gerechtelijk-jaar-2021\/\">Nieuwe lichting gerechtelijk jaar 2021<\/a><\/li>\n\t\t<li class=\"wsp-post\"><a href=\"https:\/\/cottyn.eu\/en\/zijn-advocaten-cultuurbarbaren-uiteraard-niet\/\">Are lawyers uncultured? Absolutely not!<\/a><\/li>\n<\/ul><\/li>\n<\/ul>\n<h2 class=\"wsp-teams-title\">Team<\/h2>\n<ul class=\"wsp-teams-list\">\n<li><a href=\"https:\/\/cottyn.eu\/en\/team\/belgium-en\/mark-cottyn-7\/\">Marc Cottyn<\/a><\/li>\n<li><a href=\"https:\/\/cottyn.eu\/en\/team\/belgium-en\/nestor-roseleth\/\">Nestor Roseleth<\/a><\/li>\n<li><a href=\"https:\/\/cottyn.eu\/en\/team\/belgium-en\/ann-van-de-steen\/\">Ann Van de Steen<\/a><\/li>\n<li><a href=\"https:\/\/cottyn.eu\/en\/team\/belgium-en\/jan-van-der-snickt\/\">Jan Van der Snickt<\/a><\/li>\n<li><a href=\"https:\/\/cottyn.eu\/en\/team\/belgium-en\/thierry-hermans\/\">Thierry Hermans<\/a><\/li>\n<li><a href=\"https:\/\/cottyn.eu\/en\/team\/belgium-en\/lennert-dierickx\/\">Lennert Dierickx<\/a><\/li>\n<li><a href=\"https:\/\/cottyn.eu\/en\/team\/belgium-en\/dominique-matthys\/\">Dominique Matthys<\/a><\/li>\n<li><a href=\"https:\/\/cottyn.eu\/en\/team\/belgium-en\/philippe-vansteenkiste\/\">Philippe Vansteenkiste<\/a><\/li>\n<li><a href=\"https:\/\/cottyn.eu\/en\/team\/belgium-en\/benjamin-vermeulen\/\">Benjamin Vermeulen<\/a><\/li>\n<li><a href=\"https:\/\/cottyn.eu\/en\/team\/belgium-en\/christoph-van-der-elst\/\">Christoph Van Der Elst<\/a><\/li>\n<li><a href=\"https:\/\/cottyn.eu\/en\/team\/belgium-en\/jelle-stassijns\/\">Jelle Stassijns<\/a><\/li>\n<li><a href=\"https:\/\/cottyn.eu\/en\/team\/belgium-en\/frederik-renders\/\">Frederik Renders<\/a><\/li>\n<li><a href=\"https:\/\/cottyn.eu\/en\/team\/belgium-en\/steven-lievens\/\">Steven Lievens<\/a><\/li>\n<li><a href=\"https:\/\/cottyn.eu\/en\/team\/belgium-en\/john-avenel\/\">John Avenel<\/a><\/li>\n<li><a href=\"https:\/\/cottyn.eu\/en\/team\/belgium-en\/saida-tandir\/\">Saida Tandir<\/a><\/li>\n<li><a href=\"https:\/\/cottyn.eu\/en\/team\/belgium-en\/leroy-lievens\/\">Leroy Lievens<\/a><\/li>\n<li><a href=\"https:\/\/cottyn.eu\/en\/team\/belgium-en\/aala-abdulhaliq\/\">Aala Abdulhaliq<\/a><\/li>\n<li><a href=\"https:\/\/cottyn.eu\/en\/team\/belgium-en\/jan-de-groote\/\">Jan De Groote<\/a><\/li>\n<li><a href=\"https:\/\/cottyn.eu\/en\/team\/belgium-en\/tuur-van-der-wee\/\">Tuur Van der Wee<\/a><\/li>\n<li><a href=\"https:\/\/cottyn.eu\/en\/team\/belgium-en\/evelyne-temmerman\/\">Evelyne Temmerman<\/a><\/li>\n<li><a href=\"https:\/\/cottyn.eu\/en\/team\/belgie\/carolien-boterbergh\/\">Carolien Boterbergh<\/a><\/li>\n<li><a href=\"https:\/\/cottyn.eu\/en\/team\/belgie\/birgit-van-nuffel\/\">Birgit Van Nuffel<\/a><\/li>\n<li><a href=\"https:\/\/cottyn.eu\/en\/team\/belgium-en\/angie-brandt\/\">Angie Brandt<\/a><\/li>\n<li><a href=\"https:\/\/cottyn.eu\/en\/team\/belgie\/filip-vandermeulen\/\">Filip Vandermeulen<\/a><\/li>\n<li><a href=\"https:\/\/cottyn.eu\/en\/team\/belgie\/zoe-ampe\/\">Zo\u00eb Ampe<\/a><\/li>\n<li><a href=\"https:\/\/cottyn.eu\/en\/team\/belgie\/andrea-dalle\/\">Andrea Dalle<\/a><\/li>\n<li><a href=\"https:\/\/cottyn.eu\/en\/team\/belgie\/simon-rasquin\/\">Simon Rasquin<\/a><\/li>\n<li><a href=\"https:\/\/cottyn.eu\/en\/team\/belgie\/catherine-morlet\/\">Catherine Morlet<\/a><\/li>\n<li><a href=\"https:\/\/cottyn.eu\/en\/team\/belgie\/matthias-deboeck\/\">Matthias Deboeck<\/a><\/li>\n<li><a href=\"https:\/\/cottyn.eu\/en\/team\/belgium-en\/nele-de-gols\/\">Nele De Gols<\/a><\/li>\n<li><a href=\"https:\/\/cottyn.eu\/en\/team\/belgie\/nancy-pauwels\/\">Nancy Pauwels<\/a><\/li>\n<li><a href=\"https:\/\/cottyn.eu\/en\/team\/belgium-en\/carolien-van-impe\/\">Carolien Van Impe<\/a><\/li>\n<li><a href=\"https:\/\/cottyn.eu\/en\/team\/belgium-en\/thomas-matthys\/\">Thomas Matthys<\/a><\/li>\n<li><a href=\"https:\/\/cottyn.eu\/en\/team\/belgium-en\/alina-marsavela\/\">Alina Marsavela<\/a><\/li>\n<li><a href=\"https:\/\/cottyn.eu\/en\/team\/belgium-en\/els-dhaese\/\">Els D'Haese<\/a><\/li>\n<li><a href=\"https:\/\/cottyn.eu\/en\/team\/belgium-en\/andra-iliescu\/\">Andra Iliescu<\/a><\/li>\n<li><a href=\"https:\/\/cottyn.eu\/en\/team\/belgium-en\/marco-van-den-eede\/\">Marco Van den Eede<\/a><\/li>\n<li><a href=\"https:\/\/cottyn.eu\/en\/team\/belgie\/tifany-jacobs\/\">Tifany Jacobs<\/a><\/li>\n<li><a href=\"https:\/\/cottyn.eu\/en\/team\/belgie\/sanne-de-taeye\/\">Sanne De Taeye<\/a><\/li>\n<li><a href=\"https:\/\/cottyn.eu\/en\/team\/belgie\/soon-ae-vanwezer\/\">Soon-Ae Vanwezer<\/a><\/li>\n<li><a href=\"https:\/\/cottyn.eu\/en\/team\/poland-en\/adam-barbasiewicz\/\">Adam Barbasiewicz<\/a><\/li>\n<li><a href=\"https:\/\/cottyn.eu\/en\/team\/poland-en\/izabella-lys-gorzkowska\/\">Izabella \u0141y\u015b-Gorzkowska<\/a><\/li>\n<li><a href=\"https:\/\/cottyn.eu\/en\/team\/poland-en\/rafal-karczmarczuk\/\">Rafa\u0142 Karczmarczuk<\/a><\/li>\n<li><a href=\"https:\/\/cottyn.eu\/en\/team\/poland-en\/przemyslaw-wojcikiewicz\/\">Przemys\u0142aw W\u00f3jcikiewicz<\/a><\/li>\n<li><a href=\"https:\/\/cottyn.eu\/en\/team\/poland-en\/katarzyna-bernadetta-olszewska\/\">Katarzyna Bernadetta Olszewska<\/a><\/li>\n<li><a href=\"https:\/\/cottyn.eu\/en\/team\/poland-en\/jan-nowakowski\/\">Jan Nowakowski<\/a><\/li>\n<li><a href=\"https:\/\/cottyn.eu\/en\/team\/poland-en\/monika-burczenik\/\">Monika Burczenik<\/a><\/li>\n<li><a href=\"https:\/\/cottyn.eu\/en\/team\/slovakije\/peter-cuth\/\">Peter C\u00fath<\/a><\/li>\n<li><a href=\"https:\/\/cottyn.eu\/en\/team\/tsjechie\/martin-senkyr\/\">Martin \u0160enk\u00fd\u0159<\/a><\/li>\n<li><a href=\"https:\/\/cottyn.eu\/en\/team\/tsjechie\/lubomir-panik\/\">Lubom\u00edr P\u00e1nik<\/a><\/li>\n<li><a href=\"https:\/\/cottyn.eu\/en\/team\/tsjechie\/ivo-sommer\/\">Ivo Sommer<\/a><\/li>\n<li><a href=\"https:\/\/cottyn.eu\/en\/team\/tsjechie\/terezie-jelinkova\/\">Terezie Jel\u00ednkov\u00e1<\/a><\/li>\n<li><a href=\"https:\/\/cottyn.eu\/en\/team\/tsjechie\/adam-trojan\/\">Adam Trojan<\/a><\/li>\n<li><a href=\"https:\/\/cottyn.eu\/en\/team\/tsjechie\/veronika-papanova\/\">Veronika Papanov\u00e1<\/a><\/li>\n<li><a href=\"https:\/\/cottyn.eu\/en\/team\/tsjechie\/jakub-stribrny\/\">Jakub St\u0159\u00edbrn\u00fd<\/a><\/li>\n<li><a href=\"https:\/\/cottyn.eu\/en\/team\/oostenrijk\/arno-pajek\/\">Arno Pajek<\/a><\/li>\n<li><a href=\"https:\/\/cottyn.eu\/en\/team\/oekraine\/helen-vishnyakova\/\">Helen Vishnyakova<\/a><\/li>\n<li><a href=\"https:\/\/cottyn.eu\/en\/team\/hongarije\/akos-kohidi\/\">\u00c1kos K\u0151hidi<\/a><\/li>\n<li><a href=\"https:\/\/cottyn.eu\/en\/team\/hongarije\/istvan-dobos\/\">Istv\u00e1n Dobos<\/a><\/li>\n<li><a href=\"https:\/\/cottyn.eu\/en\/team\/roemenie\/romeo-cosma\/\">Romeo Cosma<\/a><\/li>\n<li><a href=\"https:\/\/cottyn.eu\/en\/team\/roemenie\/carmen-carcota\/\">Carmen C\u00e2rcot\u0103<\/a><\/li>\n<li><a href=\"https:\/\/cottyn.eu\/en\/team\/roemenie\/irina-horoi\/\">Irina Horoi<\/a><\/li>\n<li><a href=\"https:\/\/cottyn.eu\/en\/team\/frankrijk\/marc-peufaillit\/\">Marc Peufaillit<\/a><\/li>\n<li><a href=\"https:\/\/cottyn.eu\/en\/team\/frankrijk\/franz-cabrieres\/\">Franz Cabri\u00e8res<\/a><\/li>\n<\/ul>\n<h2 class=\"wsp-services-title\">Fields of expertise<\/h2>\n<ul class=\"wsp-services-list\">\n<li><a href=\"https:\/\/cottyn.eu\/en\/vakgebieden\/arbeidsrecht-sociale-zekerheid\/\">Labour law and social security<\/a><\/li>\n<li><a href=\"https:\/\/cottyn.eu\/en\/vakgebieden\/bouwrecht\/\">Construction law<\/a><\/li>\n<li><a href=\"https:\/\/cottyn.eu\/en\/vakgebieden\/burgerlijk-recht\/\">Civil law<\/a><\/li>\n<li><a href=\"https:\/\/cottyn.eu\/en\/vakgebieden\/economisch-recht\/\">Economic law<\/a><\/li>\n<li><a href=\"https:\/\/cottyn.eu\/en\/vakgebieden\/familierecht-familiaal-vermogensrecht\/\">Family law and family property law<\/a><\/li>\n<li><a href=\"https:\/\/cottyn.eu\/en\/vakgebieden\/fiscaal-recht\/\">Tax law<\/a><\/li>\n<li><a href=\"https:\/\/cottyn.eu\/en\/vakgebieden\/incasso\/\">Collection<\/a><\/li>\n<li><a href=\"https:\/\/cottyn.eu\/en\/vakgebieden\/publiek-administratief-recht\/\">Public and Administrative Law<\/a><\/li>\n<li><a href=\"https:\/\/cottyn.eu\/en\/vakgebieden\/strafrecht-strafprocesrecht\/\">Criminal law and criminal proceedings<\/a><\/li>\n<li><a href=\"https:\/\/cottyn.eu\/en\/vakgebieden\/vastgoedrecht\/\">Real estate law<\/a><\/li>\n<li><a href=\"https:\/\/cottyn.eu\/en\/vakgebieden\/venootschapsrecht\/\">Corporate law<\/a><\/li>\n<li><a href=\"https:\/\/cottyn.eu\/en\/vakgebieden\/verzekeringen-verkeer-aansprakelijkheid\/\">Insurance, traffic and liability<\/a><\/li>\n<li><a href=\"https:\/\/cottyn.eu\/en\/vakgebieden\/vreemdelingenrecht\/\">Immigration Law<\/a><\/li>\n<\/ul>\n<h2 class=\"wsp-vacancys-title\">Vacatures<\/h2>\n<ul class=\"wsp-vacancys-list\">\n<li><a href=\"https:\/\/cottyn.eu\/en\/vacatures\/advocaat-bouw-en-vastgoedrecht\/\">BE: Senior advocaat bouw- en vastgoedrecht<\/a><\/li>\n<li><a href=\"https:\/\/cottyn.eu\/en\/vacatures\/spontane-sollicitatie\/\">Spontane sollicitatie<\/a><\/li>\n<\/ul>\n<h2 class=\"wsp-faqs-title\">FAQ<\/h2>\n<ul class=\"wsp-faqs-list\">\n<li><a href=\"https:\/\/cottyn.eu\/en\/faq\/am-i-eligible-for-asylum\/\">Am I eligible for asylum?<\/a><\/li>\n<li><a href=\"https:\/\/cottyn.eu\/en\/faq\/can-i-bring-my-spouse-or-children-to-belgium\/\">Can I bring my spouse or children to Belgium?<\/a><\/li>\n<li><a href=\"https:\/\/cottyn.eu\/en\/faq\/what-are-the-conditions-for-family-reunification\/\">What are the conditions for family reunification?<\/a><\/li>\n<li><a href=\"https:\/\/cottyn.eu\/en\/faq\/what-is-a-9bis-procedure\/\">What is a \"9bis\" procedure?<\/a><\/li>\n<li><a href=\"https:\/\/cottyn.eu\/en\/faq\/what-is-a-9ter-procedure\/\">What is a \"9ter\" procedure?<\/a><\/li>\n<li><a href=\"https:\/\/cottyn.eu\/en\/faq\/do-i-need-a-visa-to-travel-to-belgium\/\">Do I need a visa to travel to Belgium?<\/a><\/li>\n<li><a href=\"https:\/\/cottyn.eu\/en\/faq\/can-i-marry-a-foreign-national\/\">Can I marry a foreign national?<\/a><\/li>\n<li><a href=\"https:\/\/cottyn.eu\/en\/faq\/can-i-work-in-belgium-as-a-foreign-national\/\">Can I work in Belgium as a foreign national?<\/a><\/li>\n<li><a href=\"https:\/\/cottyn.eu\/en\/faq\/how-can-i-obtain-belgian-nationality\/\">How can I obtain Belgian nationality?<\/a><\/li>\n<li><a href=\"https:\/\/cottyn.eu\/en\/faq\/can-i-be-expelled\/\">Can I be expelled?<\/a><\/li>\n<li><a href=\"https:\/\/cottyn.eu\/en\/faq\/hoelang-duurt-een-procedure\/\">Hoelang duurt een procedure?<\/a><\/li>\n<li><a href=\"https:\/\/cottyn.eu\/en\/faq\/hoe-weet-ik-welke-geschillen-onder-welk-rechtsdomein-vallen\/\">Hoe weet ik welke geschillen onder welk rechtsdomein vallen?<\/a><\/li>\n<li><a href=\"https:\/\/cottyn.eu\/en\/faq\/hoe-kan-ik-inschatten-welke-slaagkansen-ik-maak\/\">Hoe kan ik inschatten welke slaagkansen ik maak?<\/a><\/li>\n<li><a href=\"https:\/\/cottyn.eu\/en\/faq\/wat-als-ik-niet-met-de-tegenpartij-door-een-deur-kan\/\">Wat als ik niet met de tegenpartij door \u00e9\u00e9n deur kan?<\/a><\/li>\n<li><a href=\"https:\/\/cottyn.eu\/en\/faq\/wat-als-ik-tijdens-een-procedure-toch-een-overeenkomst-sluit-met-de-tegenpartij\/\">Wat als ik tijdens een procedure toch een overeenkomst sluit met de tegenpartij?<\/a><\/li>\n<li><a href=\"https:\/\/cottyn.eu\/en\/faq\/ik-word-uitgenodigd-voor-een-verhoor-heb-ik-recht-op-een-advocaat\/\">Ik word uitgenodigd voor een verhoor, heb ik recht op een advocaat?<\/a><\/li>\n<li><a href=\"https:\/\/cottyn.eu\/en\/faq\/ik-heb-een-dagvaarding-ontvangen-wat-moet-ik-doen\/\">Ik heb een dagvaarding ontvangen, wat moet ik doen?<\/a><\/li>\n<li><a href=\"https:\/\/cottyn.eu\/en\/faq\/ik-heb-een-uitspraak-van-de-strafrechter-ontvangen-maar-ik-ben-het-er-niet-mee-eens\/\">Ik heb een uitspraak van de strafrechter ontvangen maar ik ben het er niet mee eens.<\/a><\/li>\n<li><a href=\"https:\/\/cottyn.eu\/en\/faq\/is-an-initial-consultation-free-of-charge\/\">Is an initial consultation free of charge?<\/a><\/li>\n<\/ul>\n<h2 class=\"wsp-contacts-title\">Contact<\/h2>\n<ul class=\"wsp-contacts-list\">\n<li><a href=\"https:\/\/cottyn.eu\/en\/contact\/cottyn_belgie\/\">Belgium<\/a><\/li>\n<li><a href=\"https:\/\/cottyn.eu\/en\/contact\/belgium-ghent\/\">Belgium - Ghent<\/a><\/li>\n<li><a href=\"https:\/\/cottyn.eu\/en\/contact\/belgium-brussels\/\">Belgium - Brussels<\/a><\/li>\n<li><a href=\"https:\/\/cottyn.eu\/en\/contact\/belgium-roeselare\/\">Belgium - Roeselare<\/a><\/li>\n<li><a href=\"https:\/\/cottyn.eu\/en\/contact\/cottyn_polen\/\">Poland<\/a><\/li>\n<li><a href=\"https:\/\/cottyn.eu\/en\/contact\/cottyn_slovakije\/\">Slovakia<\/a><\/li>\n<li><a href=\"https:\/\/cottyn.eu\/en\/contact\/cottyn_tsjechie\/\">Czechia<\/a><\/li>\n<li><a href=\"https:\/\/cottyn.eu\/en\/contact\/cottyn_oostenrijk\/\">Austria<\/a><\/li>\n<li><a href=\"https:\/\/cottyn.eu\/en\/contact\/ukraine\/\">Ukraine<\/a><\/li>\n<li><a href=\"https:\/\/cottyn.eu\/en\/contact\/cottyn_hongarije\/\">Hungary<\/a><\/li>\n<li><a href=\"https:\/\/cottyn.eu\/en\/contact\/cottyn_roemenie\/\">Romania<\/a><\/li>\n<li><a href=\"https:\/\/cottyn.eu\/en\/contact\/cottyn_nederland\/\">The Netherlands<\/a><\/li>\n<li><a href=\"https:\/\/cottyn.eu\/en\/contact\/cottyn_frankrijk\/\">France<\/a><\/li>\n<\/ul>\n<h2 class=\"wsp-vacancy_countrys-title\">Vacature Countries<\/h2>\n<ul class=\"wsp-vacancy_countrys-list\">\n<li><a href=\"https:\/\/cottyn.eu\/en\/vacature-country\/belgie-aalst-en\/\">Belgium \u2013 Aalst<\/a><\/li>\n<li><a href=\"https:\/\/cottyn.eu\/en\/vacature-country\/slovakije-bratislava-en\/\">Slovakia - Bratislava<\/a><\/li>\n<\/ul>\n<\/div>\n","protected":false},"excerpt":{"rendered":"","protected":false},"author":1,"featured_media":0,"parent":0,"menu_order":0,"comment_status":"closed","ping_status":"closed","template":"","meta":{"_acf_changed":false,"inline_featured_image":false,"footnotes":""},"class_list":["post-1542","page","type-page","status-publish","hentry"],"acf":[],"yoast_head":"<!-- This site is optimized with the Yoast SEO plugin v27.0 - https:\/\/yoast.com\/product\/yoast-seo-wordpress\/ -->\n<title>Sitemap - Cottyn<\/title>\n<meta name=\"robots\" content=\"index, follow, max-snippet:-1, max-image-preview:large, max-video-preview:-1\" \/>\n<link rel=\"canonical\" href=\"https:\/\/cottyn.eu\/en\/sitemap\/\" \/>\n<meta property=\"og:locale\" content=\"en_US\" \/>\n<meta property=\"og:type\" content=\"article\" \/>\n<meta property=\"og:title\" content=\"Sitemap - Cottyn\" \/>\n<meta property=\"og:url\" content=\"https:\/\/cottyn.eu\/en\/sitemap\/\" \/>\n<meta property=\"og:site_name\" content=\"Cottyn\" \/>\n<meta property=\"article:publisher\" content=\"https:\/\/www.facebook.com\/Cottynadvocatenkantoor\/\" \/>\n<meta property=\"article:modified_time\" content=\"2021-12-13T06:41:44+00:00\" \/>\n<meta property=\"og:image\" content=\"https:\/\/cottyn.eu\/wp-content\/uploads\/2022\/02\/Homepage-test-color-logo-sky.png\" \/>\n\t<meta property=\"og:image:width\" content=\"948\" \/>\n\t<meta property=\"og:image:height\" content=\"672\" \/>\n\t<meta property=\"og:image:type\" content=\"image\/png\" \/>\n<meta name=\"twitter:card\" content=\"summary_large_image\" \/>\n<script type=\"application\/ld+json\" class=\"yoast-schema-graph\">{\"@context\":\"https:\/\/schema.org\",\"@graph\":[{\"@type\":\"WebPage\",\"@id\":\"https:\/\/cottyn.eu\/en\/sitemap\/\",\"url\":\"https:\/\/cottyn.eu\/en\/sitemap\/\",\"name\":\"Sitemap - Cottyn\",\"isPartOf\":{\"@id\":\"https:\/\/cottyn.eu\/en\/#website\"},\"datePublished\":\"2020-11-01T15:31:15+00:00\",\"dateModified\":\"2021-12-13T06:41:44+00:00\",\"breadcrumb\":{\"@id\":\"https:\/\/cottyn.eu\/en\/sitemap\/#breadcrumb\"},\"inLanguage\":\"en-US\",\"potentialAction\":[{\"@type\":\"ReadAction\",\"target\":[\"https:\/\/cottyn.eu\/en\/sitemap\/\"]}]},{\"@type\":\"BreadcrumbList\",\"@id\":\"https:\/\/cottyn.eu\/en\/sitemap\/#breadcrumb\",\"itemListElement\":[{\"@type\":\"ListItem\",\"position\":1,\"name\":\"Home\",\"item\":\"https:\/\/cottyn.eu\/en\/\"},{\"@type\":\"ListItem\",\"position\":2,\"name\":\"Sitemap\"}]},{\"@type\":\"WebSite\",\"@id\":\"https:\/\/cottyn.eu\/en\/#website\",\"url\":\"https:\/\/cottyn.eu\/en\/\",\"name\":\"Cottyn\",\"description\":\"\",\"publisher\":{\"@id\":\"https:\/\/cottyn.eu\/en\/#organization\"},\"potentialAction\":[{\"@type\":\"SearchAction\",\"target\":{\"@type\":\"EntryPoint\",\"urlTemplate\":\"https:\/\/cottyn.eu\/en\/?s={search_term_string}\"},\"query-input\":{\"@type\":\"PropertyValueSpecification\",\"valueRequired\":true,\"valueName\":\"search_term_string\"}}],\"inLanguage\":\"en-US\"},{\"@type\":\"Organization\",\"@id\":\"https:\/\/cottyn.eu\/en\/#organization\",\"name\":\"Cottyn\",\"url\":\"https:\/\/cottyn.eu\/en\/\",\"logo\":{\"@type\":\"ImageObject\",\"inLanguage\":\"en-US\",\"@id\":\"https:\/\/cottyn.eu\/en\/#\/schema\/logo\/image\/\",\"url\":\"https:\/\/cottyn.eu\/wp-content\/uploads\/2021\/11\/COTTYN-COLOR-RGB-Transparent-background-standard.png\",\"contentUrl\":\"https:\/\/cottyn.eu\/wp-content\/uploads\/2021\/11\/COTTYN-COLOR-RGB-Transparent-background-standard.png\",\"width\":1612,\"height\":1082,\"caption\":\"Cottyn\"},\"image\":{\"@id\":\"https:\/\/cottyn.eu\/en\/#\/schema\/logo\/image\/\"},\"sameAs\":[\"https:\/\/www.facebook.com\/Cottynadvocatenkantoor\/\",\"https:\/\/www.linkedin.com\/company\/cottyn_2\/?originalSubdomain=be\"]}]}<\/script>\n<!-- \/ Yoast SEO plugin. -->","yoast_head_json":{"title":"Sitemap - Cottyn","robots":{"index":"index","follow":"follow","max-snippet":"max-snippet:-1","max-image-preview":"max-image-preview:large","max-video-preview":"max-video-preview:-1"},"canonical":"https:\/\/cottyn.eu\/en\/sitemap\/","og_locale":"en_US","og_type":"article","og_title":"Sitemap - Cottyn","og_url":"https:\/\/cottyn.eu\/en\/sitemap\/","og_site_name":"Cottyn","article_publisher":"https:\/\/www.facebook.com\/Cottynadvocatenkantoor\/","article_modified_time":"2021-12-13T06:41:44+00:00","og_image":[{"width":948,"height":672,"url":"https:\/\/cottyn.eu\/wp-content\/uploads\/2022\/02\/Homepage-test-color-logo-sky.png","type":"image\/png"}],"twitter_card":"summary_large_image","schema":{"@context":"https:\/\/schema.org","@graph":[{"@type":"WebPage","@id":"https:\/\/cottyn.eu\/en\/sitemap\/","url":"https:\/\/cottyn.eu\/en\/sitemap\/","name":"Sitemap - Cottyn","isPartOf":{"@id":"https:\/\/cottyn.eu\/en\/#website"},"datePublished":"2020-11-01T15:31:15+00:00","dateModified":"2021-12-13T06:41:44+00:00","breadcrumb":{"@id":"https:\/\/cottyn.eu\/en\/sitemap\/#breadcrumb"},"inLanguage":"en-US","potentialAction":[{"@type":"ReadAction","target":["https:\/\/cottyn.eu\/en\/sitemap\/"]}]},{"@type":"BreadcrumbList","@id":"https:\/\/cottyn.eu\/en\/sitemap\/#breadcrumb","itemListElement":[{"@type":"ListItem","position":1,"name":"Home","item":"https:\/\/cottyn.eu\/en\/"},{"@type":"ListItem","position":2,"name":"Sitemap"}]},{"@type":"WebSite","@id":"https:\/\/cottyn.eu\/en\/#website","url":"https:\/\/cottyn.eu\/en\/","name":"Cottyn","description":"","publisher":{"@id":"https:\/\/cottyn.eu\/en\/#organization"},"potentialAction":[{"@type":"SearchAction","target":{"@type":"EntryPoint","urlTemplate":"https:\/\/cottyn.eu\/en\/?s={search_term_string}"},"query-input":{"@type":"PropertyValueSpecification","valueRequired":true,"valueName":"search_term_string"}}],"inLanguage":"en-US"},{"@type":"Organization","@id":"https:\/\/cottyn.eu\/en\/#organization","name":"Cottyn","url":"https:\/\/cottyn.eu\/en\/","logo":{"@type":"ImageObject","inLanguage":"en-US","@id":"https:\/\/cottyn.eu\/en\/#\/schema\/logo\/image\/","url":"https:\/\/cottyn.eu\/wp-content\/uploads\/2021\/11\/COTTYN-COLOR-RGB-Transparent-background-standard.png","contentUrl":"https:\/\/cottyn.eu\/wp-content\/uploads\/2021\/11\/COTTYN-COLOR-RGB-Transparent-background-standard.png","width":1612,"height":1082,"caption":"Cottyn"},"image":{"@id":"https:\/\/cottyn.eu\/en\/#\/schema\/logo\/image\/"},"sameAs":["https:\/\/www.facebook.com\/Cottynadvocatenkantoor\/","https:\/\/www.linkedin.com\/company\/cottyn_2\/?originalSubdomain=be"]}]}},"_links":{"self":[{"href":"https:\/\/cottyn.eu\/en\/wp-json\/wp\/v2\/pages\/1542","targetHints":{"allow":["GET"]}}],"collection":[{"href":"https:\/\/cottyn.eu\/en\/wp-json\/wp\/v2\/pages"}],"about":[{"href":"https:\/\/cottyn.eu\/en\/wp-json\/wp\/v2\/types\/page"}],"author":[{"embeddable":true,"href":"https:\/\/cottyn.eu\/en\/wp-json\/wp\/v2\/users\/1"}],"replies":[{"embeddable":true,"href":"https:\/\/cottyn.eu\/en\/wp-json\/wp\/v2\/comments?post=1542"}],"version-history":[{"count":2,"href":"https:\/\/cottyn.eu\/en\/wp-json\/wp\/v2\/pages\/1542\/revisions"}],"predecessor-version":[{"id":1829,"href":"https:\/\/cottyn.eu\/en\/wp-json\/wp\/v2\/pages\/1542\/revisions\/1829"}],"wp:attachment":[{"href":"https:\/\/cottyn.eu\/en\/wp-json\/wp\/v2\/media?parent=1542"}],"curies":[{"name":"wp","href":"https:\/\/api.w.org\/{rel}","templated":true}]}}